{"id":2701,"date":"2023-07-04T19:45:22","date_gmt":"2023-07-04T16:45:22","guid":{"rendered":"https:\/\/luventa.lv\/shop\/teint-detox-energie\/"},"modified":"2023-07-04T19:45:22","modified_gmt":"2023-07-04T16:45:22","slug":"teint-detox-energie","status":"publish","type":"product","link":"https:\/\/luventa.lv\/ru\/product\/teint-detox-energie\/","title":{"rendered":"Teint D\u00e9tox Energie\u2122"},"content":{"rendered":"<p>\u0412\u043e\u0441\u0441\u0442\u0430\u043d\u0430\u0432\u043b\u0438\u0432\u0430\u0435\u0442 \u0441\u0438\u044f\u043d\u0438\u0435 \u0438 \u043c\u0430\u0441\u043a\u0438\u0440\u0443\u0435\u0442 \u043f\u0440\u0438\u0437\u043d\u0430\u043a\u0438 \u0441\u0442\u0430\u0440\u0435\u043d\u0438\u044f.<\/p>\n<ul>\n<li>\u0411\u0430\u0440\u0445\u0430\u0442\u0438\u0441\u0442\u044b\u0439 \u044d\u0444\u0444\u0435\u043a\u0442 \u043f\u043e\u043a\u0440\u044b\u0442\u0438\u044f.<\/li>\n<li>\u0421\u0440\u0435\u0434\u043d\u0435-\u0432\u044b\u0441\u043e\u043a\u043e\u0435 \u043f\u043e\u043a\u0440\u044b\u0442\u0438\u0435<\/li>\n<li>8 \u0447\u0430\u0441\u043e\u0432 \u0438\u0434\u0435\u0430\u043b\u044c\u043d\u044b\u0445 \u0440\u0435\u0437\u0443\u043b\u044c\u0442\u0430\u0442\u043e\u0432<\/li>\n<li>\u0422\u0430\u044e\u0449\u0430\u044f \u0438 \u0431\u0430\u0440\u0445\u0430\u0442\u0438\u0441\u0442\u0430\u044f \u0442\u0435\u043a\u0441\u0442\u0443\u0440\u0430<\/li>\n<\/ul>\n<p><u>\u0426\u0415\u041b\u0418 \u041f\u0420\u041e\u0414\u0423\u041a\u0422\u0410<\/u><br \/>\n<b><br \/>\n  <i>\u0413\u0438\u0434\u0440\u0430\u0442\u0430\u0446\u0438\u044f<\/i><br \/>\n<\/b>\u0411\u043e\u0442\u0430\u043d\u0438\u0447\u0435\u0441\u043a\u0430\u044f \u0433\u0438\u0430\u043b\u0443\u0440\u043e\u043d\u043e\u0432\u0430\u044f \u043a\u0438\u0441\u043b\u043e\u0442\u0430.<br \/>\n<b><br \/>\n  <i>\u0414\u043b\u044f \u0430\u043a\u0442\u0438\u0432\u043d\u043e\u0433\u043e \u0432\u043e\u0437\u0434\u0435\u0439\u0441\u0442\u0432\u0438\u044f<\/i><br \/>\n<\/b>\u041a\u043e\u043c\u043f\u043b\u0435\u043a\u0441 \u041e\u043c\u0435\u0433\u0430 3, 6 \u0438 9 \u0434\u043b\u044f \u043f\u0438\u0442\u0430\u0442\u0435\u043b\u044c\u043d\u043e\u0433\u043e, \u0443\u043a\u0440\u0435\u043f\u043b\u044f\u044e\u0449\u0435\u0433\u043e \u0438 \u043e\u043c\u043e\u043b\u0430\u0436\u0438\u0432\u0430\u044e\u0449\u0435\u0433\u043e \u044d\u0444\u0444\u0435\u043a\u0442\u0430.<br \/>\n<i><br \/>\n  <b>\u0417\u0430\u0449\u0438\u0442\u0430 \u043a\u0430\u043f\u0438\u0442\u0430\u043b\u0430 \u043c\u043e\u043b\u043e\u0434\u043e\u0441\u0442\u0438<\/b><br \/>\n<\/i>: \u043a\u043e\u043c\u0431\u0438\u043d\u0430\u0446\u0438\u044f \u0434\u0432\u0443\u0445 \u0440\u0430\u0441\u0442\u0438\u0442\u0435\u043b\u044c\u043d\u044b\u0445 \u0430\u043a\u0442\u0438\u0432\u043d\u044b\u0445 \u0438\u043d\u0433\u0440\u0435\u0434\u0438\u0435\u043d\u0442\u043e\u0432, \u0446\u0432\u0435\u0442\u043a\u043e\u0432 \u0448\u0430\u0444\u0440\u0430\u043d\u0430\/\u0441\u043e\u0444\u043e\u0440\u044b \u0438 \u043f\u0435\u043f\u0442\u0438\u0434\u043e\u0432 \u043d\u043e\u0432\u043e\u0433\u043e \u043f\u043e\u043a\u043e\u043b\u0435\u043d\u0438\u044f.<br \/>\n&#8212; \u0431\u043e\u0440\u044c\u0431\u0430 \u0441 \u043e\u043a\u0438\u0441\u043b\u0438\u0442\u0435\u043b\u044c\u043d\u044b\u043c \u0441\u0442\u0440\u0435\u0441\u0441\u043e\u043c<br \/>\n&#8212; \u043f\u0440\u0435\u0434\u043e\u0442\u0432\u0440\u0430\u0449\u0435\u043d\u0438\u0435 \u043f\u0440\u0438\u0437\u043d\u0430\u043a\u043e\u0432 \u0445\u0440\u043e\u043d\u043e\u043b\u043e\u0433\u0438\u0447\u0435\u0441\u043a\u043e\u0433\u043e \u0441\u0442\u0430\u0440\u0435\u043d\u0438\u044f<\/p>\n<p>\u0426\u0432\u0435\u0442 \u043b\u0438\u0446\u0430 \u0441\u0442\u0430\u043d\u043e\u0432\u0438\u0442\u0441\u044f \u0437\u0430\u043c\u0435\u0442\u043d\u043e \u043c\u043e\u043b\u043e\u0436\u0435, \u043c\u0433\u043d\u043e\u0432\u0435\u043d\u043d\u043e \u0440\u0430\u0437\u0433\u043b\u0430\u0436\u0438\u0432\u0430\u0435\u0442\u0441\u044f \u0438 \u043f\u0440\u0438\u043e\u0431\u0440\u0435\u0442\u0430\u0435\u0442 \u043e\u0442\u0442\u0435\u043d\u043e\u043a, \u0443\u043b\u0443\u0447\u0448\u0430\u044e\u0449\u0438\u0439 \u0432\u043d\u0435\u0448\u043d\u0438\u0439 \u0432\u0438\u0434 \u043a\u043e\u0436\u0438 \u043b\u044e\u0431\u043e\u0433\u043e \u0442\u0438\u043f\u0430.<\/p>\n<p><i>RESPECTFUL MAKEUP: \u0431\u0435\u0440\u0435\u0436\u043d\u043e \u043e\u0442\u043d\u043e\u0441\u0438\u0442\u0441\u044f \u043a \u043a\u043e\u0436\u0435 \u0438 \u043e\u043a\u0440\u0443\u0436\u0430\u044e\u0449\u0435\u0439 \u0441\u0440\u0435\u0434\u0435.<\/i><\/p>\n<p><i><u>\u042d\u0424\u0424\u0415\u041a\u0422\u0418\u0412\u041d\u041e\u0421\u0422\u042c<\/u><br \/>\n<\/i><\/p>\n<ul>\n<li>90% \u0443\u0434\u043e\u0432\u043b\u0435\u0442\u0432\u043e\u0440\u0435\u043d\u044b \u043d\u0435\u043c\u0435\u0434\u043b\u0435\u043d\u043d\u044b\u043c \u0440\u0430\u0437\u0433\u043b\u0430\u0436\u0438\u0432\u0430\u044e\u0449\u0438\u043c \u044d\u0444\u0444\u0435\u043a\u0442\u043e\u043c, \u043c\u043e\u0440\u0449\u0438\u043d\u044b \u043e\u0441\u0442\u0430\u044e\u0442\u0441\u044f \u043c\u0435\u043d\u0435\u0435 \u0433\u043b\u0443\u0431\u043e\u043a\u0438\u043c\u0438 *.<\/li>\n<li>&#8212; 45% \u043c\u043e\u0440\u0449\u0438\u043d **.<\/li>\n<li>+ 33% \u0438\u0437\u043b\u0443\u0447\u0435\u043d\u0438\u044f***.<\/li>\n<li>\u041d\u0435\u043f\u0440\u0435\u0440\u044b\u0432\u043d\u043e\u0435 \u0443\u0432\u043b\u0430\u0436\u043d\u0435\u043d\u0438\u0435 \u0432 \u0442\u0435\u0447\u0435\u043d\u0438\u0435 8 \u0447\u0430\u0441\u043e\u0432 ****.<\/li>\n<\/ul>\n<p><i><small><br \/>\n* \u0421\u0430\u043c\u043e\u043e\u0442\u0447\u0435\u0442\u044b 22 \u0447\u0435\u043b\u043e\u0432\u0435\u043a \u043f\u043e\u0441\u043b\u0435 \u0435\u0436\u0435\u0434\u043d\u0435\u0432\u043d\u043e\u0433\u043e \u0438\u0441\u043f\u043e\u043b\u044c\u0437\u043e\u0432\u0430\u043d\u0438\u044f Teint jeunesse \u0432 \u0442\u0435\u0447\u0435\u043d\u0438\u0435 15 \u0434\u043d\u0435\u0439.<br \/>\n** \u041a\u043b\u0438\u043d\u0438\u0447\u0435\u0441\u043a\u0430\u044f \u043e\u0446\u0435\u043d\u043a\u0430 22 \u0447\u0435\u043b\u043e\u0432\u0435\u043a, \u043a\u043e\u0442\u043e\u0440\u044b\u0435 \u0438\u0441\u043f\u043e\u043b\u044c\u0437\u043e\u0432\u0430\u043b\u0438 Teint Jeunesse \u0435\u0436\u0435\u0434\u043d\u0435\u0432\u043d\u043e \u0432 \u0442\u0435\u0447\u0435\u043d\u0438\u0435 15 \u0434\u043d\u0435\u0439.<br \/>\n*** \u041a\u043b\u0438\u043d\u0438\u0447\u0435\u0441\u043a\u0430\u044f \u043e\u0446\u0435\u043d\u043a\u0430 22 \u0447\u0435\u043b\u043e\u0432\u0435\u043a, \u043a\u043e\u0442\u043e\u0440\u044b\u0435 \u043f\u0440\u0438\u043d\u0438\u043c\u0430\u043b\u0438 Teint Jeunesse \u0435\u0436\u0435\u0434\u043d\u0435\u0432\u043d\u043e \u0432 \u0442\u0435\u0447\u0435\u043d\u0438\u0435 15 \u0434\u043d\u0435\u0439.<br \/>\n**** \u0421\u0440\u0435\u0434\u043d\u0438\u0439 \u0440\u0435\u0437\u0443\u043b\u044c\u0442\u0430\u0442 \u0440\u0430\u0431\u043e\u0442\u044b \u043a\u043e\u0440\u043d\u0435\u043e\u043c\u0435\u0442\u0440\u0430 \u0434\u043b\u044f 12 \u0447\u0435\u043b\u043e\u0432\u0435\u043a \u0447\u0435\u0440\u0435\u0437 8 \u0447\u0430\u0441\u043e\u0432 \u043f\u043e\u0441\u043b\u0435 \u043d\u0430\u043d\u0435\u0441\u0435\u043d\u0438\u044f Teint jeunesse.<\/small><\/i><\/p>\n","protected":false},"excerpt":{"rendered":"<p>\u0424\u041e\u0420\u041c\u0423\u041b\u0410 \u0414\u041b\u042f \u0418\u0414\u0415\u0410\u041b\u042c\u041d\u041e\u0413\u041e \u0426\u0412\u0415\u0422\u0410 \u041b\u0418\u0426\u0410!<\/p>\n","protected":false},"featured_media":405,"comment_status":"open","ping_status":"closed","template":"","meta":[],"pwb-brand":[70],"product_brand":[],"product_cat":[414],"product_tag":[],"class_list":{"0":"post-2701","1":"product","2":"type-product","3":"status-publish","4":"has-post-thumbnail","6":"pwb-brand-sothys","7":"product_cat-liczo","9":"first","10":"instock","11":"shipping-taxable","12":"purchasable","13":"product-type-variable","14":"has-default-attributes"},"yoast_head":"<!-- This site is optimized with the Yoast SEO plugin v24.8.1 - https:\/\/yoast.com\/wordpress\/plugins\/seo\/ -->\n<title>Teint D\u00e9tox Energie\u2122 | Pieg\u0101de vis\u0101 Latvij\u0101 | luventa.lv<\/title>\n<meta name=\"description\" content=\"\u041f\u0440\u043e\u0444\u0435\u0441\u0441\u0438\u043e\u043d\u0430\u043b\u044c\u043d\u0430\u044f \u043a\u043e\u0441\u043c\u0435\u0442\u0438\u043a\u0430 \u0438\u0437 \u0424\u0440\u0430\u043d\u0446\u0438\u0438 \u0434\u043b\u044f \u043b\u0438\u0446\u0430 \u0438 \u0442\u0435\u043b\u0430. \u0417\u0430\u043a\u0430\u0437\u044b\u0432\u0430\u0439\u0442\u0435 Teint D\u00e9tox Energie\u2122 \u0443 \u0441\u0435\u0440\u0442\u0438\u0444\u0438\u0446\u0438\u0440\u043e\u0432\u0430\u043d\u043d\u043e\u0433\u043e \u043a\u043e\u0441\u043c\u0435\u0442\u0438\u043a\u0430. \u041a\u043e\u0434 \u043c\u0435\u0434\u0438\u043d\u0441\u043a\u043e\u0433\u043e \u0443\u0447\u0440\u0435\u0436\u0434\u0435\u043d\u0438\u044f 002000015. \u0417\u0430\u043a\u0430\u0436\u0438\u0442\u0435 \u0444\u0440\u0430\u043d\u0446\u0443\u0437\u0441\u043a\u0443\u044e \u043a\u043e\u0441\u043c\u0435\u0442\u0438\u043a\u0443 \u0441\u0435\u0433\u043e\u0434\u043d\u044f!\" \/>\n<meta name=\"robots\" content=\"index, follow, max-snippet:-1, max-image-preview:large, max-video-preview:-1\" \/>\n<link rel=\"canonical\" href=\"https:\/\/luventa.lv\/ru\/product\/teint-detox-energie\/\" \/>\n<meta property=\"og:locale\" content=\"ru_RU\" \/>\n<meta property=\"og:type\" content=\"article\" \/>\n<meta property=\"og:title\" content=\"Teint D\u00e9tox Energie\u2122 | Pieg\u0101de vis\u0101 Latvij\u0101 | luventa.lv\" \/>\n<meta property=\"og:description\" content=\"\u041f\u0440\u043e\u0444\u0435\u0441\u0441\u0438\u043e\u043d\u0430\u043b\u044c\u043d\u0430\u044f \u043a\u043e\u0441\u043c\u0435\u0442\u0438\u043a\u0430 \u0438\u0437 \u0424\u0440\u0430\u043d\u0446\u0438\u0438 \u0434\u043b\u044f \u043b\u0438\u0446\u0430 \u0438 \u0442\u0435\u043b\u0430. \u0417\u0430\u043a\u0430\u0437\u044b\u0432\u0430\u0439\u0442\u0435 Teint D\u00e9tox Energie\u2122 \u0443 \u0441\u0435\u0440\u0442\u0438\u0444\u0438\u0446\u0438\u0440\u043e\u0432\u0430\u043d\u043d\u043e\u0433\u043e \u043a\u043e\u0441\u043c\u0435\u0442\u0438\u043a\u0430. \u041a\u043e\u0434 \u043c\u0435\u0434\u0438\u043d\u0441\u043a\u043e\u0433\u043e \u0443\u0447\u0440\u0435\u0436\u0434\u0435\u043d\u0438\u044f 002000015. \u0417\u0430\u043a\u0430\u0436\u0438\u0442\u0435 \u0444\u0440\u0430\u043d\u0446\u0443\u0437\u0441\u043a\u0443\u044e \u043a\u043e\u0441\u043c\u0435\u0442\u0438\u043a\u0443 \u0441\u0435\u0433\u043e\u0434\u043d\u044f!\" \/>\n<meta property=\"og:url\" content=\"https:\/\/luventa.lv\/ru\/product\/teint-detox-energie\/\" \/>\n<meta property=\"og:site_name\" content=\"Luventa.lv\" \/>\n<meta property=\"article:publisher\" content=\"https:\/\/www.facebook.com\/ingakosmetik\" \/>\n<meta property=\"og:image\" content=\"https:\/\/luventa.lv\/wp-content\/uploads\/2023\/07\/Teint-Detox-Energie\u2122-finish-perfect-C20-SABLE.jpg\" \/>\n\t<meta property=\"og:image:width\" content=\"1000\" \/>\n\t<meta property=\"og:image:height\" content=\"1000\" \/>\n\t<meta property=\"og:image:type\" content=\"image\/jpeg\" \/>\n<meta name=\"twitter:card\" content=\"summary_large_image\" \/>\n<script type=\"application\/ld+json\" class=\"yoast-schema-graph\">{\"@context\":\"https:\/\/schema.org\",\"@graph\":[{\"@type\":\"WebPage\",\"@id\":\"https:\/\/luventa.lv\/ru\/product\/teint-detox-energie\/\",\"url\":\"https:\/\/luventa.lv\/ru\/product\/teint-detox-energie\/\",\"name\":\"Teint D\u00e9tox Energie\u2122 | Pieg\u0101de vis\u0101 Latvij\u0101 | luventa.lv\",\"isPartOf\":{\"@id\":\"https:\/\/luventa.lv\/ru\/#website\"},\"primaryImageOfPage\":{\"@id\":\"https:\/\/luventa.lv\/ru\/product\/teint-detox-energie\/#primaryimage\"},\"image\":{\"@id\":\"https:\/\/luventa.lv\/ru\/product\/teint-detox-energie\/#primaryimage\"},\"thumbnailUrl\":\"https:\/\/luventa.lv\/wp-content\/uploads\/2023\/07\/Teint-Detox-Energie\u2122-finish-perfect-C20-SABLE.jpg\",\"datePublished\":\"2023-07-04T16:45:22+00:00\",\"description\":\"\u041f\u0440\u043e\u0444\u0435\u0441\u0441\u0438\u043e\u043d\u0430\u043b\u044c\u043d\u0430\u044f \u043a\u043e\u0441\u043c\u0435\u0442\u0438\u043a\u0430 \u0438\u0437 \u0424\u0440\u0430\u043d\u0446\u0438\u0438 \u0434\u043b\u044f \u043b\u0438\u0446\u0430 \u0438 \u0442\u0435\u043b\u0430. \u0417\u0430\u043a\u0430\u0437\u044b\u0432\u0430\u0439\u0442\u0435 Teint D\u00e9tox Energie\u2122 \u0443 \u0441\u0435\u0440\u0442\u0438\u0444\u0438\u0446\u0438\u0440\u043e\u0432\u0430\u043d\u043d\u043e\u0433\u043e \u043a\u043e\u0441\u043c\u0435\u0442\u0438\u043a\u0430. \u041a\u043e\u0434 \u043c\u0435\u0434\u0438\u043d\u0441\u043a\u043e\u0433\u043e \u0443\u0447\u0440\u0435\u0436\u0434\u0435\u043d\u0438\u044f 002000015. \u0417\u0430\u043a\u0430\u0436\u0438\u0442\u0435 \u0444\u0440\u0430\u043d\u0446\u0443\u0437\u0441\u043a\u0443\u044e \u043a\u043e\u0441\u043c\u0435\u0442\u0438\u043a\u0443 \u0441\u0435\u0433\u043e\u0434\u043d\u044f!\",\"breadcrumb\":{\"@id\":\"https:\/\/luventa.lv\/ru\/product\/teint-detox-energie\/#breadcrumb\"},\"inLanguage\":\"ru-RU\",\"potentialAction\":[{\"@type\":\"ReadAction\",\"target\":[\"https:\/\/luventa.lv\/ru\/product\/teint-detox-energie\/\"]}]},{\"@type\":\"ImageObject\",\"inLanguage\":\"ru-RU\",\"@id\":\"https:\/\/luventa.lv\/ru\/product\/teint-detox-energie\/#primaryimage\",\"url\":\"https:\/\/luventa.lv\/wp-content\/uploads\/2023\/07\/Teint-Detox-Energie\u2122-finish-perfect-C20-SABLE.jpg\",\"contentUrl\":\"https:\/\/luventa.lv\/wp-content\/uploads\/2023\/07\/Teint-Detox-Energie\u2122-finish-perfect-C20-SABLE.jpg\",\"width\":1000,\"height\":1000,\"caption\":\"Teint-Detox-Energie\u2122,-finish-perfect---C20-SABLE\"},{\"@type\":\"BreadcrumbList\",\"@id\":\"https:\/\/luventa.lv\/ru\/product\/teint-detox-energie\/#breadcrumb\",\"itemListElement\":[{\"@type\":\"ListItem\",\"position\":1,\"name\":\"Luventa\",\"item\":\"https:\/\/luventa.lv\/ru\/\"},{\"@type\":\"ListItem\",\"position\":2,\"name\":\"\u041c\u0430\u0433\u0430\u0437\u0438\u043d\",\"item\":\"https:\/\/luventa.lv\/ru\/shop\/\"},{\"@type\":\"ListItem\",\"position\":3,\"name\":\"Teint D\u00e9tox Energie\u2122\"}]},{\"@type\":\"WebSite\",\"@id\":\"https:\/\/luventa.lv\/ru\/#website\",\"url\":\"https:\/\/luventa.lv\/ru\/\",\"name\":\"Luventa Cosmetology\",\"description\":\"\u041f\u0440\u043e\u0444\u0435\u0441\u0441\u0438\u043e\u043d\u0430\u043b\u044c\u043d\u044b\u0439 \u0443\u0445\u043e\u0434 \u043e\u0442 \u0441\u0435\u0440\u0442\u0438\u0444\u0438\u0446\u0438\u0440\u043e\u0432\u0430\u043d\u043d\u043e\u0433\u043e \u043a\u043e\u0441\u043c\u0435\u0442\u043e\u043b\u043e\u0433\u0430. \u041d\u0430\u0448\u0438 \u0431\u0440\u0435\u043d\u0434\u044b Casmara, Dermia, Solution, Gigi, Simone Mahler \u0438 Sothys\",\"publisher\":{\"@id\":\"https:\/\/luventa.lv\/ru\/#organization\"},\"alternateName\":\"Luventa.lv\",\"potentialAction\":[{\"@type\":\"SearchAction\",\"target\":{\"@type\":\"EntryPoint\",\"urlTemplate\":\"https:\/\/luventa.lv\/ru\/?s={search_term_string}\"},\"query-input\":{\"@type\":\"PropertyValueSpecification\",\"valueRequired\":true,\"valueName\":\"search_term_string\"}}],\"inLanguage\":\"ru-RU\"},{\"@type\":\"Organization\",\"@id\":\"https:\/\/luventa.lv\/ru\/#organization\",\"name\":\"Luventa.lv\",\"alternateName\":\"Luventa\",\"url\":\"https:\/\/luventa.lv\/ru\/\",\"logo\":{\"@type\":\"ImageObject\",\"inLanguage\":\"ru-RU\",\"@id\":\"https:\/\/luventa.lv\/ru\/#\/schema\/logo\/image\/\",\"url\":\"https:\/\/luventa.lv\/wp-content\/uploads\/2024\/06\/favicon.png\",\"contentUrl\":\"https:\/\/luventa.lv\/wp-content\/uploads\/2024\/06\/favicon.png\",\"width\":1000,\"height\":1000,\"caption\":\"Luventa.lv\"},\"image\":{\"@id\":\"https:\/\/luventa.lv\/ru\/#\/schema\/logo\/image\/\"},\"sameAs\":[\"https:\/\/www.facebook.com\/ingakosmetik\",\"https:\/\/www.instagram.com\/luventa.cosmetology\"]}]}<\/script>\n<!-- \/ Yoast SEO plugin. -->","yoast_head_json":{"title":"Teint D\u00e9tox Energie\u2122 | Pieg\u0101de vis\u0101 Latvij\u0101 | luventa.lv","description":"\u041f\u0440\u043e\u0444\u0435\u0441\u0441\u0438\u043e\u043d\u0430\u043b\u044c\u043d\u0430\u044f \u043a\u043e\u0441\u043c\u0435\u0442\u0438\u043a\u0430 \u0438\u0437 \u0424\u0440\u0430\u043d\u0446\u0438\u0438 \u0434\u043b\u044f \u043b\u0438\u0446\u0430 \u0438 \u0442\u0435\u043b\u0430. \u0417\u0430\u043a\u0430\u0437\u044b\u0432\u0430\u0439\u0442\u0435 Teint D\u00e9tox Energie\u2122 \u0443 \u0441\u0435\u0440\u0442\u0438\u0444\u0438\u0446\u0438\u0440\u043e\u0432\u0430\u043d\u043d\u043e\u0433\u043e \u043a\u043e\u0441\u043c\u0435\u0442\u0438\u043a\u0430. \u041a\u043e\u0434 \u043c\u0435\u0434\u0438\u043d\u0441\u043a\u043e\u0433\u043e \u0443\u0447\u0440\u0435\u0436\u0434\u0435\u043d\u0438\u044f 002000015. \u0417\u0430\u043a\u0430\u0436\u0438\u0442\u0435 \u0444\u0440\u0430\u043d\u0446\u0443\u0437\u0441\u043a\u0443\u044e \u043a\u043e\u0441\u043c\u0435\u0442\u0438\u043a\u0443 \u0441\u0435\u0433\u043e\u0434\u043d\u044f!","robots":{"index":"index","follow":"follow","max-snippet":"max-snippet:-1","max-image-preview":"max-image-preview:large","max-video-preview":"max-video-preview:-1"},"canonical":"https:\/\/luventa.lv\/ru\/product\/teint-detox-energie\/","og_locale":"ru_RU","og_type":"article","og_title":"Teint D\u00e9tox Energie\u2122 | Pieg\u0101de vis\u0101 Latvij\u0101 | luventa.lv","og_description":"\u041f\u0440\u043e\u0444\u0435\u0441\u0441\u0438\u043e\u043d\u0430\u043b\u044c\u043d\u0430\u044f \u043a\u043e\u0441\u043c\u0435\u0442\u0438\u043a\u0430 \u0438\u0437 \u0424\u0440\u0430\u043d\u0446\u0438\u0438 \u0434\u043b\u044f \u043b\u0438\u0446\u0430 \u0438 \u0442\u0435\u043b\u0430. \u0417\u0430\u043a\u0430\u0437\u044b\u0432\u0430\u0439\u0442\u0435 Teint D\u00e9tox Energie\u2122 \u0443 \u0441\u0435\u0440\u0442\u0438\u0444\u0438\u0446\u0438\u0440\u043e\u0432\u0430\u043d\u043d\u043e\u0433\u043e \u043a\u043e\u0441\u043c\u0435\u0442\u0438\u043a\u0430. \u041a\u043e\u0434 \u043c\u0435\u0434\u0438\u043d\u0441\u043a\u043e\u0433\u043e \u0443\u0447\u0440\u0435\u0436\u0434\u0435\u043d\u0438\u044f 002000015. \u0417\u0430\u043a\u0430\u0436\u0438\u0442\u0435 \u0444\u0440\u0430\u043d\u0446\u0443\u0437\u0441\u043a\u0443\u044e \u043a\u043e\u0441\u043c\u0435\u0442\u0438\u043a\u0443 \u0441\u0435\u0433\u043e\u0434\u043d\u044f!","og_url":"https:\/\/luventa.lv\/ru\/product\/teint-detox-energie\/","og_site_name":"Luventa.lv","article_publisher":"https:\/\/www.facebook.com\/ingakosmetik","og_image":[{"width":1000,"height":1000,"url":"https:\/\/luventa.lv\/wp-content\/uploads\/2023\/07\/Teint-Detox-Energie\u2122-finish-perfect-C20-SABLE.jpg","type":"image\/jpeg"}],"twitter_card":"summary_large_image","schema":{"@context":"https:\/\/schema.org","@graph":[{"@type":"WebPage","@id":"https:\/\/luventa.lv\/ru\/product\/teint-detox-energie\/","url":"https:\/\/luventa.lv\/ru\/product\/teint-detox-energie\/","name":"Teint D\u00e9tox Energie\u2122 | Pieg\u0101de vis\u0101 Latvij\u0101 | luventa.lv","isPartOf":{"@id":"https:\/\/luventa.lv\/ru\/#website"},"primaryImageOfPage":{"@id":"https:\/\/luventa.lv\/ru\/product\/teint-detox-energie\/#primaryimage"},"image":{"@id":"https:\/\/luventa.lv\/ru\/product\/teint-detox-energie\/#primaryimage"},"thumbnailUrl":"https:\/\/luventa.lv\/wp-content\/uploads\/2023\/07\/Teint-Detox-Energie\u2122-finish-perfect-C20-SABLE.jpg","datePublished":"2023-07-04T16:45:22+00:00","description":"\u041f\u0440\u043e\u0444\u0435\u0441\u0441\u0438\u043e\u043d\u0430\u043b\u044c\u043d\u0430\u044f \u043a\u043e\u0441\u043c\u0435\u0442\u0438\u043a\u0430 \u0438\u0437 \u0424\u0440\u0430\u043d\u0446\u0438\u0438 \u0434\u043b\u044f \u043b\u0438\u0446\u0430 \u0438 \u0442\u0435\u043b\u0430. \u0417\u0430\u043a\u0430\u0437\u044b\u0432\u0430\u0439\u0442\u0435 Teint D\u00e9tox Energie\u2122 \u0443 \u0441\u0435\u0440\u0442\u0438\u0444\u0438\u0446\u0438\u0440\u043e\u0432\u0430\u043d\u043d\u043e\u0433\u043e \u043a\u043e\u0441\u043c\u0435\u0442\u0438\u043a\u0430. \u041a\u043e\u0434 \u043c\u0435\u0434\u0438\u043d\u0441\u043a\u043e\u0433\u043e \u0443\u0447\u0440\u0435\u0436\u0434\u0435\u043d\u0438\u044f 002000015. \u0417\u0430\u043a\u0430\u0436\u0438\u0442\u0435 \u0444\u0440\u0430\u043d\u0446\u0443\u0437\u0441\u043a\u0443\u044e \u043a\u043e\u0441\u043c\u0435\u0442\u0438\u043a\u0443 \u0441\u0435\u0433\u043e\u0434\u043d\u044f!","breadcrumb":{"@id":"https:\/\/luventa.lv\/ru\/product\/teint-detox-energie\/#breadcrumb"},"inLanguage":"ru-RU","potentialAction":[{"@type":"ReadAction","target":["https:\/\/luventa.lv\/ru\/product\/teint-detox-energie\/"]}]},{"@type":"ImageObject","inLanguage":"ru-RU","@id":"https:\/\/luventa.lv\/ru\/product\/teint-detox-energie\/#primaryimage","url":"https:\/\/luventa.lv\/wp-content\/uploads\/2023\/07\/Teint-Detox-Energie\u2122-finish-perfect-C20-SABLE.jpg","contentUrl":"https:\/\/luventa.lv\/wp-content\/uploads\/2023\/07\/Teint-Detox-Energie\u2122-finish-perfect-C20-SABLE.jpg","width":1000,"height":1000,"caption":"Teint-Detox-Energie\u2122,-finish-perfect---C20-SABLE"},{"@type":"BreadcrumbList","@id":"https:\/\/luventa.lv\/ru\/product\/teint-detox-energie\/#breadcrumb","itemListElement":[{"@type":"ListItem","position":1,"name":"Luventa","item":"https:\/\/luventa.lv\/ru\/"},{"@type":"ListItem","position":2,"name":"\u041c\u0430\u0433\u0430\u0437\u0438\u043d","item":"https:\/\/luventa.lv\/ru\/shop\/"},{"@type":"ListItem","position":3,"name":"Teint D\u00e9tox Energie\u2122"}]},{"@type":"WebSite","@id":"https:\/\/luventa.lv\/ru\/#website","url":"https:\/\/luventa.lv\/ru\/","name":"Luventa Cosmetology","description":"\u041f\u0440\u043e\u0444\u0435\u0441\u0441\u0438\u043e\u043d\u0430\u043b\u044c\u043d\u044b\u0439 \u0443\u0445\u043e\u0434 \u043e\u0442 \u0441\u0435\u0440\u0442\u0438\u0444\u0438\u0446\u0438\u0440\u043e\u0432\u0430\u043d\u043d\u043e\u0433\u043e \u043a\u043e\u0441\u043c\u0435\u0442\u043e\u043b\u043e\u0433\u0430. \u041d\u0430\u0448\u0438 \u0431\u0440\u0435\u043d\u0434\u044b Casmara, Dermia, Solution, Gigi, Simone Mahler \u0438 Sothys","publisher":{"@id":"https:\/\/luventa.lv\/ru\/#organization"},"alternateName":"Luventa.lv","potentialAction":[{"@type":"SearchAction","target":{"@type":"EntryPoint","urlTemplate":"https:\/\/luventa.lv\/ru\/?s={search_term_string}"},"query-input":{"@type":"PropertyValueSpecification","valueRequired":true,"valueName":"search_term_string"}}],"inLanguage":"ru-RU"},{"@type":"Organization","@id":"https:\/\/luventa.lv\/ru\/#organization","name":"Luventa.lv","alternateName":"Luventa","url":"https:\/\/luventa.lv\/ru\/","logo":{"@type":"ImageObject","inLanguage":"ru-RU","@id":"https:\/\/luventa.lv\/ru\/#\/schema\/logo\/image\/","url":"https:\/\/luventa.lv\/wp-content\/uploads\/2024\/06\/favicon.png","contentUrl":"https:\/\/luventa.lv\/wp-content\/uploads\/2024\/06\/favicon.png","width":1000,"height":1000,"caption":"Luventa.lv"},"image":{"@id":"https:\/\/luventa.lv\/ru\/#\/schema\/logo\/image\/"},"sameAs":["https:\/\/www.facebook.com\/ingakosmetik","https:\/\/www.instagram.com\/luventa.cosmetology"]}]}},"jetpack_sharing_enabled":true,"brands":[{"id":70,"name":"Sothys","slug":"sothys"}],"_links":{"self":[{"href":"https:\/\/luventa.lv\/ru\/wp-json\/wp\/v2\/product\/2701","targetHints":{"allow":["GET"]}}],"collection":[{"href":"https:\/\/luventa.lv\/ru\/wp-json\/wp\/v2\/product"}],"about":[{"href":"https:\/\/luventa.lv\/ru\/wp-json\/wp\/v2\/types\/product"}],"replies":[{"embeddable":true,"href":"https:\/\/luventa.lv\/ru\/wp-json\/wp\/v2\/comments?post=2701"}],"wp:featuredmedia":[{"embeddable":true,"href":"https:\/\/luventa.lv\/ru\/wp-json\/wp\/v2\/media\/405"}],"wp:attachment":[{"href":"https:\/\/luventa.lv\/ru\/wp-json\/wp\/v2\/media?parent=2701"}],"wp:term":[{"taxonomy":"pwb-brand","embeddable":true,"href":"https:\/\/luventa.lv\/ru\/wp-json\/wp\/v2\/pwb-brand?post=2701"},{"taxonomy":"product_brand","embeddable":true,"href":"https:\/\/luventa.lv\/ru\/wp-json\/wp\/v2\/product_brand?post=2701"},{"taxonomy":"product_cat","embeddable":true,"href":"https:\/\/luventa.lv\/ru\/wp-json\/wp\/v2\/product_cat?post=2701"},{"taxonomy":"product_tag","embeddable":true,"href":"https:\/\/luventa.lv\/ru\/wp-json\/wp\/v2\/product_tag?post=2701"}],"curies":[{"name":"wp","href":"https:\/\/api.w.org\/{rel}","templated":true}]}}