{"id":2519,"date":"2023-07-06T11:26:30","date_gmt":"2023-07-06T08:26:30","guid":{"rendered":"https:\/\/luventa.lv\/shop\/%d0%b3%d0%b5%d0%bb%d1%8c-%d0%bc%d1%83%d1%81%d1%81-beaute-express\/"},"modified":"2025-03-18T16:29:06","modified_gmt":"2025-03-18T14:29:06","slug":"gel-muss-beaute-express","status":"publish","type":"product","link":"https:\/\/luventa.lv\/ru\/product\/gel-muss-beaute-express\/","title":{"rendered":"\u0413\u0435\u043b\u044c-\u043c\u0443\u0441\u0441 Beaut\u00e9 Express"},"content":{"rendered":"<p>\u041b\u0435\u0433\u043a\u0438\u0439, \u0441\u0432\u0435\u0436\u043e \u043f\u0430\u0445\u043d\u0443\u0449\u0438\u0439 \u043f\u0435\u043d\u044f\u0449\u0438\u0439\u0441\u044f \u0433\u0435\u043b\u044c &#8212; &#171;\u043c\u044b\u043b\u043e \u0431\u0435\u0437 \u043c\u044b\u043b\u0430&#187; &#8212; \u0434\u043b\u044f \u0442\u0449\u0430\u0442\u0435\u043b\u044c\u043d\u043e\u0433\u043e \u043e\u0447\u0438\u0449\u0435\u043d\u0438\u044f \u043a\u043e\u043c\u0431\u0438\u043d\u0438\u0440\u043e\u0432\u0430\u043d\u043d\u043e\u0439 \u0438 \u0436\u0438\u0440\u043d\u043e\u0439 \u043a\u043e\u0436\u0438.<\/p>\n<p>\u0411\u043b\u0430\u0433\u043e\u0434\u0430\u0440\u044f \u043a\u043e\u043a\u043e\u0441\u043e\u0432\u043e\u043c\u0443 \u0438 \u0441\u0430\u0444\u043b\u043e\u0440\u043e\u0432\u043e\u043c\u0443 \u043c\u0430\u0441\u043b\u0430\u043c, <b><br \/>\n  <i>\u043c\u044f\u0433\u043a\u043e \u043e\u0447\u0438\u0449\u0430\u0435\u0442 \u043a\u043e\u0436\u0443, \u043d\u0435 \u043e\u0441\u0442\u0430\u0432\u043b\u044f\u044f \u043e\u0449\u0443\u0449\u0435\u043d\u0438\u044f \u043b\u0438\u043f\u043a\u043e\u0441\u0442\u0438<\/i><br \/>\n<\/b>.<\/p>\n<p>\u0413\u0435\u043b\u044c \u043e\u0431\u043b\u0430\u0434\u0430\u0435\u0442 \u0430\u043d\u0442\u0438\u0431\u0430\u043a\u0442\u0435\u0440\u0438\u0430\u043b\u044c\u043d\u044b\u043c\u0438, \u0443\u0432\u043b\u0430\u0436\u043d\u044f\u044e\u0449\u0438\u043c\u0438 \u0438 \u0437\u0430\u0449\u0438\u0442\u043d\u044b\u043c\u0438 \u0441\u0432\u043e\u0439\u0441\u0442\u0432\u0430\u043c\u0438 \u0438 \u043e\u0431\u043e\u0433\u0430\u0449\u0435\u043d \u044d\u043a\u0441\u0442\u0440\u0430\u043a\u0442\u043e\u043c \u043a\u0438\u0432\u0438 \u0438 \u0432\u0438\u0442\u0430\u043c\u0438\u043d\u0430\u043c\u0438 C \u0438 E.<\/p>\n","protected":false},"excerpt":{"rendered":"<p>\u041e\u0447\u0438\u0449\u0430\u044e\u0449\u0438\u0439 \u043f\u0435\u043d\u044f\u0449\u0438\u0439\u0441\u044f \u0433\u0435\u043b\u044c<\/p>\n","protected":false},"featured_media":2060,"comment_status":"open","ping_status":"closed","template":"","meta":[],"pwb-brand":[69],"product_brand":[],"product_cat":[380],"product_tag":[],"class_list":{"0":"post-2519","1":"product","2":"type-product","3":"status-publish","4":"has-post-thumbnail","6":"pwb-brand-simone-mahler","7":"product_cat-ochishhenie","9":"first","10":"instock","11":"shipping-taxable","12":"purchasable","13":"product-type-simple"},"yoast_head":"<!-- This site is optimized with the Yoast SEO plugin v24.8.1 - https:\/\/yoast.com\/wordpress\/plugins\/seo\/ -->\n<title>\u0413\u0435\u043b\u044c-\u043c\u0443\u0441\u0441 Beaut\u00e9 Express | Pieg\u0101de vis\u0101 Latvij\u0101 | luventa.lv<\/title>\n<meta name=\"description\" content=\"\u041f\u0440\u043e\u0444\u0435\u0441\u0441\u0438\u043e\u043d\u0430\u043b\u044c\u043d\u0430\u044f \u043a\u043e\u0441\u043c\u0435\u0442\u0438\u043a\u0430 \u0438\u0437 \u0424\u0440\u0430\u043d\u0446\u0438\u0438 \u0434\u043b\u044f \u043b\u0438\u0446\u0430 \u0438 \u0442\u0435\u043b\u0430. \u0417\u0430\u043a\u0430\u0437\u044b\u0432\u0430\u0439\u0442\u0435 \u0413\u0435\u043b\u044c-\u043c\u0443\u0441\u0441 Beaut\u00e9 Express \u0443 \u0441\u0435\u0440\u0442\u0438\u0444\u0438\u0446\u0438\u0440\u043e\u0432\u0430\u043d\u043d\u043e\u0433\u043e \u043a\u043e\u0441\u043c\u0435\u0442\u0438\u043a\u0430. \u041a\u043e\u0434 \u043c\u0435\u0434\u0438\u043d\u0441\u043a\u043e\u0433\u043e \u0443\u0447\u0440\u0435\u0436\u0434\u0435\u043d\u0438\u044f 002000015. \u0417\u0430\u043a\u0430\u0436\u0438\u0442\u0435 \u0444\u0440\u0430\u043d\u0446\u0443\u0437\u0441\u043a\u0443\u044e \u043a\u043e\u0441\u043c\u0435\u0442\u0438\u043a\u0443 \u0441\u0435\u0433\u043e\u0434\u043d\u044f!\" \/>\n<meta name=\"robots\" content=\"index, follow, max-snippet:-1, max-image-preview:large, max-video-preview:-1\" \/>\n<link rel=\"canonical\" href=\"https:\/\/luventa.lv\/ru\/product\/gel-muss-beaute-express\/\" \/>\n<meta property=\"og:locale\" content=\"ru_RU\" \/>\n<meta property=\"og:type\" content=\"article\" \/>\n<meta property=\"og:title\" content=\"\u0413\u0435\u043b\u044c-\u043c\u0443\u0441\u0441 Beaut\u00e9 Express | Pieg\u0101de vis\u0101 Latvij\u0101 | luventa.lv\" \/>\n<meta property=\"og:description\" content=\"\u041f\u0440\u043e\u0444\u0435\u0441\u0441\u0438\u043e\u043d\u0430\u043b\u044c\u043d\u0430\u044f \u043a\u043e\u0441\u043c\u0435\u0442\u0438\u043a\u0430 \u0438\u0437 \u0424\u0440\u0430\u043d\u0446\u0438\u0438 \u0434\u043b\u044f \u043b\u0438\u0446\u0430 \u0438 \u0442\u0435\u043b\u0430. \u0417\u0430\u043a\u0430\u0437\u044b\u0432\u0430\u0439\u0442\u0435 \u0413\u0435\u043b\u044c-\u043c\u0443\u0441\u0441 Beaut\u00e9 Express \u0443 \u0441\u0435\u0440\u0442\u0438\u0444\u0438\u0446\u0438\u0440\u043e\u0432\u0430\u043d\u043d\u043e\u0433\u043e \u043a\u043e\u0441\u043c\u0435\u0442\u0438\u043a\u0430. \u041a\u043e\u0434 \u043c\u0435\u0434\u0438\u043d\u0441\u043a\u043e\u0433\u043e \u0443\u0447\u0440\u0435\u0436\u0434\u0435\u043d\u0438\u044f 002000015. \u0417\u0430\u043a\u0430\u0436\u0438\u0442\u0435 \u0444\u0440\u0430\u043d\u0446\u0443\u0437\u0441\u043a\u0443\u044e \u043a\u043e\u0441\u043c\u0435\u0442\u0438\u043a\u0443 \u0441\u0435\u0433\u043e\u0434\u043d\u044f!\" \/>\n<meta property=\"og:url\" content=\"https:\/\/luventa.lv\/ru\/product\/gel-muss-beaute-express\/\" \/>\n<meta property=\"og:site_name\" content=\"Luventa.lv\" \/>\n<meta property=\"article:publisher\" content=\"https:\/\/www.facebook.com\/ingakosmetik\" \/>\n<meta property=\"article:modified_time\" content=\"2025-03-18T14:29:06+00:00\" \/>\n<meta property=\"og:image\" content=\"https:\/\/luventa.lv\/wp-content\/uploads\/2023\/07\/GEL-MOUSSANT-BEAUTE-EXPRESS.jpg\" \/>\n\t<meta property=\"og:image:width\" content=\"1000\" \/>\n\t<meta property=\"og:image:height\" content=\"1000\" \/>\n\t<meta property=\"og:image:type\" content=\"image\/jpeg\" \/>\n<meta name=\"twitter:card\" content=\"summary_large_image\" \/>\n<script type=\"application\/ld+json\" class=\"yoast-schema-graph\">{\"@context\":\"https:\/\/schema.org\",\"@graph\":[{\"@type\":\"WebPage\",\"@id\":\"https:\/\/luventa.lv\/ru\/product\/gel-muss-beaute-express\/\",\"url\":\"https:\/\/luventa.lv\/ru\/product\/gel-muss-beaute-express\/\",\"name\":\"\u0413\u0435\u043b\u044c-\u043c\u0443\u0441\u0441 Beaut\u00e9 Express | Pieg\u0101de vis\u0101 Latvij\u0101 | luventa.lv\",\"isPartOf\":{\"@id\":\"https:\/\/luventa.lv\/ru\/#website\"},\"primaryImageOfPage\":{\"@id\":\"https:\/\/luventa.lv\/ru\/product\/gel-muss-beaute-express\/#primaryimage\"},\"image\":{\"@id\":\"https:\/\/luventa.lv\/ru\/product\/gel-muss-beaute-express\/#primaryimage\"},\"thumbnailUrl\":\"https:\/\/luventa.lv\/wp-content\/uploads\/2023\/07\/GEL-MOUSSANT-BEAUTE-EXPRESS.jpg\",\"datePublished\":\"2023-07-06T08:26:30+00:00\",\"dateModified\":\"2025-03-18T14:29:06+00:00\",\"description\":\"\u041f\u0440\u043e\u0444\u0435\u0441\u0441\u0438\u043e\u043d\u0430\u043b\u044c\u043d\u0430\u044f \u043a\u043e\u0441\u043c\u0435\u0442\u0438\u043a\u0430 \u0438\u0437 \u0424\u0440\u0430\u043d\u0446\u0438\u0438 \u0434\u043b\u044f \u043b\u0438\u0446\u0430 \u0438 \u0442\u0435\u043b\u0430. \u0417\u0430\u043a\u0430\u0437\u044b\u0432\u0430\u0439\u0442\u0435 \u0413\u0435\u043b\u044c-\u043c\u0443\u0441\u0441 Beaut\u00e9 Express \u0443 \u0441\u0435\u0440\u0442\u0438\u0444\u0438\u0446\u0438\u0440\u043e\u0432\u0430\u043d\u043d\u043e\u0433\u043e \u043a\u043e\u0441\u043c\u0435\u0442\u0438\u043a\u0430. \u041a\u043e\u0434 \u043c\u0435\u0434\u0438\u043d\u0441\u043a\u043e\u0433\u043e \u0443\u0447\u0440\u0435\u0436\u0434\u0435\u043d\u0438\u044f 002000015. \u0417\u0430\u043a\u0430\u0436\u0438\u0442\u0435 \u0444\u0440\u0430\u043d\u0446\u0443\u0437\u0441\u043a\u0443\u044e \u043a\u043e\u0441\u043c\u0435\u0442\u0438\u043a\u0443 \u0441\u0435\u0433\u043e\u0434\u043d\u044f!\",\"breadcrumb\":{\"@id\":\"https:\/\/luventa.lv\/ru\/product\/gel-muss-beaute-express\/#breadcrumb\"},\"inLanguage\":\"ru-RU\",\"potentialAction\":[{\"@type\":\"ReadAction\",\"target\":[\"https:\/\/luventa.lv\/ru\/product\/gel-muss-beaute-express\/\"]}]},{\"@type\":\"ImageObject\",\"inLanguage\":\"ru-RU\",\"@id\":\"https:\/\/luventa.lv\/ru\/product\/gel-muss-beaute-express\/#primaryimage\",\"url\":\"https:\/\/luventa.lv\/wp-content\/uploads\/2023\/07\/GEL-MOUSSANT-BEAUTE-EXPRESS.jpg\",\"contentUrl\":\"https:\/\/luventa.lv\/wp-content\/uploads\/2023\/07\/GEL-MOUSSANT-BEAUTE-EXPRESS.jpg\",\"width\":1000,\"height\":1000},{\"@type\":\"BreadcrumbList\",\"@id\":\"https:\/\/luventa.lv\/ru\/product\/gel-muss-beaute-express\/#breadcrumb\",\"itemListElement\":[{\"@type\":\"ListItem\",\"position\":1,\"name\":\"Luventa\",\"item\":\"https:\/\/luventa.lv\/ru\/\"},{\"@type\":\"ListItem\",\"position\":2,\"name\":\"\u041c\u0430\u0433\u0430\u0437\u0438\u043d\",\"item\":\"https:\/\/luventa.lv\/ru\/shop\/\"},{\"@type\":\"ListItem\",\"position\":3,\"name\":\"\u0413\u0435\u043b\u044c-\u043c\u0443\u0441\u0441 Beaut\u00e9 Express\"}]},{\"@type\":\"WebSite\",\"@id\":\"https:\/\/luventa.lv\/ru\/#website\",\"url\":\"https:\/\/luventa.lv\/ru\/\",\"name\":\"Luventa Cosmetology\",\"description\":\"\u041f\u0440\u043e\u0444\u0435\u0441\u0441\u0438\u043e\u043d\u0430\u043b\u044c\u043d\u044b\u0439 \u0443\u0445\u043e\u0434 \u043e\u0442 \u0441\u0435\u0440\u0442\u0438\u0444\u0438\u0446\u0438\u0440\u043e\u0432\u0430\u043d\u043d\u043e\u0433\u043e \u043a\u043e\u0441\u043c\u0435\u0442\u043e\u043b\u043e\u0433\u0430. \u041d\u0430\u0448\u0438 \u0431\u0440\u0435\u043d\u0434\u044b Casmara, Dermia, Solution, Gigi, Simone Mahler \u0438 Sothys\",\"publisher\":{\"@id\":\"https:\/\/luventa.lv\/ru\/#organization\"},\"alternateName\":\"Luventa.lv\",\"potentialAction\":[{\"@type\":\"SearchAction\",\"target\":{\"@type\":\"EntryPoint\",\"urlTemplate\":\"https:\/\/luventa.lv\/ru\/?s={search_term_string}\"},\"query-input\":{\"@type\":\"PropertyValueSpecification\",\"valueRequired\":true,\"valueName\":\"search_term_string\"}}],\"inLanguage\":\"ru-RU\"},{\"@type\":\"Organization\",\"@id\":\"https:\/\/luventa.lv\/ru\/#organization\",\"name\":\"Luventa.lv\",\"alternateName\":\"Luventa\",\"url\":\"https:\/\/luventa.lv\/ru\/\",\"logo\":{\"@type\":\"ImageObject\",\"inLanguage\":\"ru-RU\",\"@id\":\"https:\/\/luventa.lv\/ru\/#\/schema\/logo\/image\/\",\"url\":\"https:\/\/luventa.lv\/wp-content\/uploads\/2024\/06\/favicon.png\",\"contentUrl\":\"https:\/\/luventa.lv\/wp-content\/uploads\/2024\/06\/favicon.png\",\"width\":1000,\"height\":1000,\"caption\":\"Luventa.lv\"},\"image\":{\"@id\":\"https:\/\/luventa.lv\/ru\/#\/schema\/logo\/image\/\"},\"sameAs\":[\"https:\/\/www.facebook.com\/ingakosmetik\",\"https:\/\/www.instagram.com\/luventa.cosmetology\"]}]}<\/script>\n<!-- \/ Yoast SEO plugin. -->","yoast_head_json":{"title":"\u0413\u0435\u043b\u044c-\u043c\u0443\u0441\u0441 Beaut\u00e9 Express | Pieg\u0101de vis\u0101 Latvij\u0101 | luventa.lv","description":"\u041f\u0440\u043e\u0444\u0435\u0441\u0441\u0438\u043e\u043d\u0430\u043b\u044c\u043d\u0430\u044f \u043a\u043e\u0441\u043c\u0435\u0442\u0438\u043a\u0430 \u0438\u0437 \u0424\u0440\u0430\u043d\u0446\u0438\u0438 \u0434\u043b\u044f \u043b\u0438\u0446\u0430 \u0438 \u0442\u0435\u043b\u0430. \u0417\u0430\u043a\u0430\u0437\u044b\u0432\u0430\u0439\u0442\u0435 \u0413\u0435\u043b\u044c-\u043c\u0443\u0441\u0441 Beaut\u00e9 Express \u0443 \u0441\u0435\u0440\u0442\u0438\u0444\u0438\u0446\u0438\u0440\u043e\u0432\u0430\u043d\u043d\u043e\u0433\u043e \u043a\u043e\u0441\u043c\u0435\u0442\u0438\u043a\u0430. \u041a\u043e\u0434 \u043c\u0435\u0434\u0438\u043d\u0441\u043a\u043e\u0433\u043e \u0443\u0447\u0440\u0435\u0436\u0434\u0435\u043d\u0438\u044f 002000015. \u0417\u0430\u043a\u0430\u0436\u0438\u0442\u0435 \u0444\u0440\u0430\u043d\u0446\u0443\u0437\u0441\u043a\u0443\u044e \u043a\u043e\u0441\u043c\u0435\u0442\u0438\u043a\u0443 \u0441\u0435\u0433\u043e\u0434\u043d\u044f!","robots":{"index":"index","follow":"follow","max-snippet":"max-snippet:-1","max-image-preview":"max-image-preview:large","max-video-preview":"max-video-preview:-1"},"canonical":"https:\/\/luventa.lv\/ru\/product\/gel-muss-beaute-express\/","og_locale":"ru_RU","og_type":"article","og_title":"\u0413\u0435\u043b\u044c-\u043c\u0443\u0441\u0441 Beaut\u00e9 Express | Pieg\u0101de vis\u0101 Latvij\u0101 | luventa.lv","og_description":"\u041f\u0440\u043e\u0444\u0435\u0441\u0441\u0438\u043e\u043d\u0430\u043b\u044c\u043d\u0430\u044f \u043a\u043e\u0441\u043c\u0435\u0442\u0438\u043a\u0430 \u0438\u0437 \u0424\u0440\u0430\u043d\u0446\u0438\u0438 \u0434\u043b\u044f \u043b\u0438\u0446\u0430 \u0438 \u0442\u0435\u043b\u0430. \u0417\u0430\u043a\u0430\u0437\u044b\u0432\u0430\u0439\u0442\u0435 \u0413\u0435\u043b\u044c-\u043c\u0443\u0441\u0441 Beaut\u00e9 Express \u0443 \u0441\u0435\u0440\u0442\u0438\u0444\u0438\u0446\u0438\u0440\u043e\u0432\u0430\u043d\u043d\u043e\u0433\u043e \u043a\u043e\u0441\u043c\u0435\u0442\u0438\u043a\u0430. \u041a\u043e\u0434 \u043c\u0435\u0434\u0438\u043d\u0441\u043a\u043e\u0433\u043e \u0443\u0447\u0440\u0435\u0436\u0434\u0435\u043d\u0438\u044f 002000015. \u0417\u0430\u043a\u0430\u0436\u0438\u0442\u0435 \u0444\u0440\u0430\u043d\u0446\u0443\u0437\u0441\u043a\u0443\u044e \u043a\u043e\u0441\u043c\u0435\u0442\u0438\u043a\u0443 \u0441\u0435\u0433\u043e\u0434\u043d\u044f!","og_url":"https:\/\/luventa.lv\/ru\/product\/gel-muss-beaute-express\/","og_site_name":"Luventa.lv","article_publisher":"https:\/\/www.facebook.com\/ingakosmetik","article_modified_time":"2025-03-18T14:29:06+00:00","og_image":[{"width":1000,"height":1000,"url":"https:\/\/luventa.lv\/wp-content\/uploads\/2023\/07\/GEL-MOUSSANT-BEAUTE-EXPRESS.jpg","type":"image\/jpeg"}],"twitter_card":"summary_large_image","schema":{"@context":"https:\/\/schema.org","@graph":[{"@type":"WebPage","@id":"https:\/\/luventa.lv\/ru\/product\/gel-muss-beaute-express\/","url":"https:\/\/luventa.lv\/ru\/product\/gel-muss-beaute-express\/","name":"\u0413\u0435\u043b\u044c-\u043c\u0443\u0441\u0441 Beaut\u00e9 Express | Pieg\u0101de vis\u0101 Latvij\u0101 | luventa.lv","isPartOf":{"@id":"https:\/\/luventa.lv\/ru\/#website"},"primaryImageOfPage":{"@id":"https:\/\/luventa.lv\/ru\/product\/gel-muss-beaute-express\/#primaryimage"},"image":{"@id":"https:\/\/luventa.lv\/ru\/product\/gel-muss-beaute-express\/#primaryimage"},"thumbnailUrl":"https:\/\/luventa.lv\/wp-content\/uploads\/2023\/07\/GEL-MOUSSANT-BEAUTE-EXPRESS.jpg","datePublished":"2023-07-06T08:26:30+00:00","dateModified":"2025-03-18T14:29:06+00:00","description":"\u041f\u0440\u043e\u0444\u0435\u0441\u0441\u0438\u043e\u043d\u0430\u043b\u044c\u043d\u0430\u044f \u043a\u043e\u0441\u043c\u0435\u0442\u0438\u043a\u0430 \u0438\u0437 \u0424\u0440\u0430\u043d\u0446\u0438\u0438 \u0434\u043b\u044f \u043b\u0438\u0446\u0430 \u0438 \u0442\u0435\u043b\u0430. \u0417\u0430\u043a\u0430\u0437\u044b\u0432\u0430\u0439\u0442\u0435 \u0413\u0435\u043b\u044c-\u043c\u0443\u0441\u0441 Beaut\u00e9 Express \u0443 \u0441\u0435\u0440\u0442\u0438\u0444\u0438\u0446\u0438\u0440\u043e\u0432\u0430\u043d\u043d\u043e\u0433\u043e \u043a\u043e\u0441\u043c\u0435\u0442\u0438\u043a\u0430. \u041a\u043e\u0434 \u043c\u0435\u0434\u0438\u043d\u0441\u043a\u043e\u0433\u043e \u0443\u0447\u0440\u0435\u0436\u0434\u0435\u043d\u0438\u044f 002000015. \u0417\u0430\u043a\u0430\u0436\u0438\u0442\u0435 \u0444\u0440\u0430\u043d\u0446\u0443\u0437\u0441\u043a\u0443\u044e \u043a\u043e\u0441\u043c\u0435\u0442\u0438\u043a\u0443 \u0441\u0435\u0433\u043e\u0434\u043d\u044f!","breadcrumb":{"@id":"https:\/\/luventa.lv\/ru\/product\/gel-muss-beaute-express\/#breadcrumb"},"inLanguage":"ru-RU","potentialAction":[{"@type":"ReadAction","target":["https:\/\/luventa.lv\/ru\/product\/gel-muss-beaute-express\/"]}]},{"@type":"ImageObject","inLanguage":"ru-RU","@id":"https:\/\/luventa.lv\/ru\/product\/gel-muss-beaute-express\/#primaryimage","url":"https:\/\/luventa.lv\/wp-content\/uploads\/2023\/07\/GEL-MOUSSANT-BEAUTE-EXPRESS.jpg","contentUrl":"https:\/\/luventa.lv\/wp-content\/uploads\/2023\/07\/GEL-MOUSSANT-BEAUTE-EXPRESS.jpg","width":1000,"height":1000},{"@type":"BreadcrumbList","@id":"https:\/\/luventa.lv\/ru\/product\/gel-muss-beaute-express\/#breadcrumb","itemListElement":[{"@type":"ListItem","position":1,"name":"Luventa","item":"https:\/\/luventa.lv\/ru\/"},{"@type":"ListItem","position":2,"name":"\u041c\u0430\u0433\u0430\u0437\u0438\u043d","item":"https:\/\/luventa.lv\/ru\/shop\/"},{"@type":"ListItem","position":3,"name":"\u0413\u0435\u043b\u044c-\u043c\u0443\u0441\u0441 Beaut\u00e9 Express"}]},{"@type":"WebSite","@id":"https:\/\/luventa.lv\/ru\/#website","url":"https:\/\/luventa.lv\/ru\/","name":"Luventa Cosmetology","description":"\u041f\u0440\u043e\u0444\u0435\u0441\u0441\u0438\u043e\u043d\u0430\u043b\u044c\u043d\u044b\u0439 \u0443\u0445\u043e\u0434 \u043e\u0442 \u0441\u0435\u0440\u0442\u0438\u0444\u0438\u0446\u0438\u0440\u043e\u0432\u0430\u043d\u043d\u043e\u0433\u043e \u043a\u043e\u0441\u043c\u0435\u0442\u043e\u043b\u043e\u0433\u0430. \u041d\u0430\u0448\u0438 \u0431\u0440\u0435\u043d\u0434\u044b Casmara, Dermia, Solution, Gigi, Simone Mahler \u0438 Sothys","publisher":{"@id":"https:\/\/luventa.lv\/ru\/#organization"},"alternateName":"Luventa.lv","potentialAction":[{"@type":"SearchAction","target":{"@type":"EntryPoint","urlTemplate":"https:\/\/luventa.lv\/ru\/?s={search_term_string}"},"query-input":{"@type":"PropertyValueSpecification","valueRequired":true,"valueName":"search_term_string"}}],"inLanguage":"ru-RU"},{"@type":"Organization","@id":"https:\/\/luventa.lv\/ru\/#organization","name":"Luventa.lv","alternateName":"Luventa","url":"https:\/\/luventa.lv\/ru\/","logo":{"@type":"ImageObject","inLanguage":"ru-RU","@id":"https:\/\/luventa.lv\/ru\/#\/schema\/logo\/image\/","url":"https:\/\/luventa.lv\/wp-content\/uploads\/2024\/06\/favicon.png","contentUrl":"https:\/\/luventa.lv\/wp-content\/uploads\/2024\/06\/favicon.png","width":1000,"height":1000,"caption":"Luventa.lv"},"image":{"@id":"https:\/\/luventa.lv\/ru\/#\/schema\/logo\/image\/"},"sameAs":["https:\/\/www.facebook.com\/ingakosmetik","https:\/\/www.instagram.com\/luventa.cosmetology"]}]}},"jetpack_sharing_enabled":true,"brands":[{"id":69,"name":"Simone Mahler","slug":"simone-mahler"}],"_links":{"self":[{"href":"https:\/\/luventa.lv\/ru\/wp-json\/wp\/v2\/product\/2519","targetHints":{"allow":["GET"]}}],"collection":[{"href":"https:\/\/luventa.lv\/ru\/wp-json\/wp\/v2\/product"}],"about":[{"href":"https:\/\/luventa.lv\/ru\/wp-json\/wp\/v2\/types\/product"}],"replies":[{"embeddable":true,"href":"https:\/\/luventa.lv\/ru\/wp-json\/wp\/v2\/comments?post=2519"}],"wp:featuredmedia":[{"embeddable":true,"href":"https:\/\/luventa.lv\/ru\/wp-json\/wp\/v2\/media\/2060"}],"wp:attachment":[{"href":"https:\/\/luventa.lv\/ru\/wp-json\/wp\/v2\/media?parent=2519"}],"wp:term":[{"taxonomy":"pwb-brand","embeddable":true,"href":"https:\/\/luventa.lv\/ru\/wp-json\/wp\/v2\/pwb-brand?post=2519"},{"taxonomy":"product_brand","embeddable":true,"href":"https:\/\/luventa.lv\/ru\/wp-json\/wp\/v2\/product_brand?post=2519"},{"taxonomy":"product_cat","embeddable":true,"href":"https:\/\/luventa.lv\/ru\/wp-json\/wp\/v2\/product_cat?post=2519"},{"taxonomy":"product_tag","embeddable":true,"href":"https:\/\/luventa.lv\/ru\/wp-json\/wp\/v2\/product_tag?post=2519"}],"curies":[{"name":"wp","href":"https:\/\/api.w.org\/{rel}","templated":true}]}}